{"id":579,"date":"2022-12-29T15:36:06","date_gmt":"2022-12-29T15:36:06","guid":{"rendered":"https:\/\/pelletimuuk.xn--kttepuumk-q9aha.ee\/?page_id=579"},"modified":"2022-12-29T15:59:17","modified_gmt":"2022-12-29T15:59:17","slug":"kuttevaartused","status":"publish","type":"page","link":"https:\/\/xn--pelletimk-x9aa.ee\/?page_id=579","title":{"rendered":"K\u00fcttev\u00e4\u00e4rtused"},"content":{"rendered":"\t\t<div data-elementor-type=\"wp-page\" data-elementor-id=\"579\" class=\"elementor elementor-579\">\n\t\t\t\t\t\t<section class=\"elementor-section elementor-top-section elementor-element elementor-element-746b7d3 elementor-section-boxed elementor-section-height-default elementor-section-height-default\" data-id=\"746b7d3\" data-element_type=\"section\" data-e-type=\"section\">\n\t\t\t\t\t\t<div class=\"elementor-container elementor-column-gap-default\">\n\t\t\t\t\t<div class=\"elementor-column elementor-col-100 elementor-top-column elementor-element elementor-element-74ab0af\" data-id=\"74ab0af\" data-element_type=\"column\" data-e-type=\"column\">\n\t\t\t<div class=\"elementor-widget-wrap elementor-element-populated\">\n\t\t\t\t\t\t<div class=\"elementor-element elementor-element-70c00d0 elementor-widget elementor-widget-spacer\" data-id=\"70c00d0\" data-element_type=\"widget\" data-e-type=\"widget\" data-widget_type=\"spacer.default\">\n\t\t\t\t<div class=\"elementor-widget-container\">\n\t\t\t\t\t\t\t<div class=\"elementor-spacer\">\n\t\t\t<div class=\"elementor-spacer-inner\"><\/div>\n\t\t<\/div>\n\t\t\t\t\t\t<\/div>\n\t\t\t\t<\/div>\n\t\t\t\t\t<\/div>\n\t\t<\/div>\n\t\t\t\t\t<\/div>\n\t\t<\/section>\n\t\t\t\t<section class=\"elementor-section elementor-top-section elementor-element elementor-element-10b6064 elementor-section-boxed elementor-section-height-default elementor-section-height-default\" data-id=\"10b6064\" data-element_type=\"section\" data-e-type=\"section\">\n\t\t\t\t\t\t<div class=\"elementor-container elementor-column-gap-default\">\n\t\t\t\t\t<div class=\"elementor-column elementor-col-50 elementor-top-column elementor-element elementor-element-a0a5fd6\" data-id=\"a0a5fd6\" data-element_type=\"column\" data-e-type=\"column\">\n\t\t\t<div class=\"elementor-widget-wrap elementor-element-populated\">\n\t\t\t\t\t\t<section class=\"elementor-section elementor-inner-section elementor-element elementor-element-93987f3 elementor-section-boxed elementor-section-height-default elementor-section-height-default\" data-id=\"93987f3\" data-element_type=\"section\" data-e-type=\"section\">\n\t\t\t\t\t\t<div class=\"elementor-container elementor-column-gap-default\">\n\t\t\t\t\t<div class=\"elementor-column elementor-col-100 elementor-inner-column elementor-element elementor-element-4919505\" data-id=\"4919505\" data-element_type=\"column\" data-e-type=\"column\">\n\t\t\t<div class=\"elementor-widget-wrap elementor-element-populated\">\n\t\t\t\t\t\t<div class=\"elementor-element elementor-element-db4c3e0 elementor-widget elementor-widget-heading\" data-id=\"db4c3e0\" data-element_type=\"widget\" data-e-type=\"widget\" data-widget_type=\"heading.default\">\n\t\t\t\t<div class=\"elementor-widget-container\">\n\t\t\t\t\t<h1 class=\"elementor-heading-title elementor-size-default\">K\u00fcttev\u00e4\u00e4rtused <\/h1>\t\t\t\t<\/div>\n\t\t\t\t<\/div>\n\t\t\t\t<div class=\"elementor-element elementor-element-9379b67 elementor-widget elementor-widget-text-editor\" data-id=\"9379b67\" data-element_type=\"widget\" data-e-type=\"widget\" data-widget_type=\"text-editor.default\">\n\t\t\t\t<div class=\"elementor-widget-container\">\n\t\t\t\t\t\t\t\t\t<p>K\u00fcttev\u00e4\u00e4rtused on erinevatel puuliikidel ning k\u00fctmiseks sobivatel biok\u00fctustel (pelletid, turbabrikett, puitbrikett, k\u00fcttepuud) erinevad, nendest t\u00e4htsaimad toome ka v\u00e4lja.&nbsp;<br><br>Kindlasti peaksite esimese asjana, ennem k\u00fcttematerjali valimist otsustama, milline neist sobib teie k\u00fcttekoldele ning soojusvajadusele k\u00f5ige paremini. Samuti v\u00f5iksite v\u00f5tta arvesse, kuidas k\u00fcttematerjali k\u00f5ige sobivamalt ladustada ning muid kaasnevaid faktoreid.&nbsp;<br><br><b>Puitbriketi k\u00fcttev\u00e4\u00e4rtus<\/b><br><br>Puitbriketi k\u00fcttev\u00e4\u00e4rtus on 18-20 MJ\/kg ning \u00fcks kuupmeeter puitbriketti kaalub ca \u00fcks tonn.<br><br><b>K\u00fcttepuude k\u00fcttev\u00e4\u00e4rtus<\/b><br><\/p>\n<p>Kasepuu k\u00fcttev\u00e4\u00e4rtus on ca 1700 kWh\/rm.<\/p>\n<p>Kuusepuu k\u00fcttev\u00e4\u00e4rtus on ca 1320 kWh\/rm<\/p>\n<p>M\u00e4nnipuu k\u00fcttev\u00e4\u00e4rtus on ca 1360 kWh\/rm<\/p>\n<p>Haavapuu k\u00fcttev\u00e4\u00e4rtus on ca 1330 kWh\/rm<\/p>\n<p>Lepa (valge) k\u00fcttepuude k\u00fcttev\u00e4\u00e4rtus on ca 1230 kWh\/rm<\/p>\n<p><\/p>\n<p>Saarepuu k\u00fcttev\u00e4\u00e4rtus on ca 1950 kWh\/rm<br><b><br>Pelletite k\u00fcttev\u00e4\u00e4rtus<br><\/b><br><span style=\"color: rgb(34, 34, 34); font-family: arial, HelveticaNeue, &quot;Helvetica Neue&quot;, Helvetica-Neue, Helvetica, sans-serif; font-size: 16px; text-align: start;\">Pelleti l\u00e4bim\u00f5\u00f5t on tavaliselt 6-8 mm, niiskus 8-10 % ning <b>k\u00fcttev\u00e4\u00e4rtus <\/b>4,6-5,0 MWh\/t.<br><\/span><b><br>Turbabriketi k\u00fcttev\u00e4\u00e4rtus<br><br><\/b><span style=\"color: rgb(34, 34, 34); font-family: arial, HelveticaNeue, &quot;Helvetica Neue&quot;, Helvetica-Neue, Helvetica, sans-serif; font-size: 16px; text-align: start;\">1 tonn turbabriketti vastab k\u00fcttev\u00e4\u00e4rtuselt keskmiselt ca 3,5 ruumimeetrile kuivadele k\u00fcttepuudele.<\/span><br><br><br><\/p>\n<div><br><\/div>\t\t\t\t\t\t\t\t<\/div>\n\t\t\t\t<\/div>\n\t\t\t\t\t<\/div>\n\t\t<\/div>\n\t\t\t\t\t<\/div>\n\t\t<\/section>\n\t\t\t\t\t<\/div>\n\t\t<\/div>\n\t\t\t\t<div class=\"elementor-column elementor-col-50 elementor-top-column elementor-element elementor-element-bd1299d\" data-id=\"bd1299d\" data-element_type=\"column\" data-e-type=\"column\">\n\t\t\t<div class=\"elementor-widget-wrap elementor-element-populated\">\n\t\t\t\t\t\t<section class=\"elementor-section elementor-inner-section elementor-element elementor-element-28a3f3d elementor-hidden-tablet elementor-hidden-mobile elementor-section-boxed elementor-section-height-default elementor-section-height-default\" data-id=\"28a3f3d\" data-element_type=\"section\" data-e-type=\"section\" data-settings=\"{&quot;sticky&quot;:&quot;top&quot;,&quot;sticky_offset&quot;:120,&quot;sticky_effects_offset&quot;:100,&quot;sticky_parent&quot;:&quot;yes&quot;,&quot;sticky_on&quot;:[&quot;desktop&quot;,&quot;tablet&quot;,&quot;mobile&quot;]}\">\n\t\t\t\t\t\t<div class=\"elementor-container elementor-column-gap-default\">\n\t\t\t\t\t<div class=\"elementor-column elementor-col-100 elementor-inner-column elementor-element elementor-element-c558804\" data-id=\"c558804\" data-element_type=\"column\" data-e-type=\"column\">\n\t\t\t<div class=\"elementor-widget-wrap elementor-element-populated\">\n\t\t\t\t\t\t<div class=\"elementor-element elementor-element-f25d167 elementor-widget elementor-widget-text-editor\" data-id=\"f25d167\" data-element_type=\"widget\" data-e-type=\"widget\" data-widget_type=\"text-editor.default\">\n\t\t\t\t<div class=\"elementor-widget-container\">\n\t\t\t\t\t\t\t\t\t<h4>Pelleti m\u00fc\u00fck<\/h4>\t\t\t\t\t\t\t\t<\/div>\n\t\t\t\t<\/div>\n\t\t\t\t<div class=\"elementor-element elementor-element-ad01012 elementor-align-center elementor-icon-list--layout-traditional elementor-list-item-link-full_width elementor-widget elementor-widget-icon-list\" data-id=\"ad01012\" data-element_type=\"widget\" data-e-type=\"widget\" data-widget_type=\"icon-list.default\">\n\t\t\t\t<div class=\"elementor-widget-container\">\n\t\t\t\t\t\t\t<ul class=\"elementor-icon-list-items\">\n\t\t\t\t\t\t\t<li class=\"elementor-icon-list-item\">\n\t\t\t\t\t\t\t\t\t\t\t<span class=\"elementor-icon-list-icon\">\n\t\t\t\t\t\t\t<i aria-hidden=\"true\" class=\"fas fa-check-circle\"><\/i>\t\t\t\t\t\t<\/span>\n\t\t\t\t\t\t\t\t\t\t<span class=\"elementor-icon-list-text\">Lai valik pelleteid<\/span>\n\t\t\t\t\t\t\t\t\t<\/li>\n\t\t\t\t\t\t\t\t<li class=\"elementor-icon-list-item\">\n\t\t\t\t\t\t\t\t\t\t\t<span class=\"elementor-icon-list-icon\">\n\t\t\t\t\t\t\t<i aria-hidden=\"true\" class=\"fas fa-check-circle\"><\/i>\t\t\t\t\t\t<\/span>\n\t\t\t\t\t\t\t\t\t\t<span class=\"elementor-icon-list-text\">Head hinnad<\/span>\n\t\t\t\t\t\t\t\t\t<\/li>\n\t\t\t\t\t\t\t\t<li class=\"elementor-icon-list-item\">\n\t\t\t\t\t\t\t\t\t\t\t<span class=\"elementor-icon-list-icon\">\n\t\t\t\t\t\t\t<i aria-hidden=\"true\" class=\"fas fa-check-circle\"><\/i>\t\t\t\t\t\t<\/span>\n\t\t\t\t\t\t\t\t\t\t<span class=\"elementor-icon-list-text\">Eripakkumised<\/span>\n\t\t\t\t\t\t\t\t\t<\/li>\n\t\t\t\t\t\t<\/ul>\n\t\t\t\t\t\t<\/div>\n\t\t\t\t<\/div>\n\t\t\t\t<div class=\"elementor-element elementor-element-3aaa547 elementor-widget elementor-widget-image\" data-id=\"3aaa547\" data-element_type=\"widget\" data-e-type=\"widget\" data-widget_type=\"image.default\">\n\t\t\t\t<div class=\"elementor-widget-container\">\n\t\t\t\t\t\t\t\t\t\t\t\t\t\t\t<img fetchpriority=\"high\" decoding=\"async\" width=\"503\" height=\"408\" src=\"https:\/\/xn--pelletimk-x9aa.ee\/wp-content\/uploads\/2022\/12\/pelletid.png\" class=\"attachment-large size-large wp-image-523\" alt=\"pelletid\" srcset=\"https:\/\/xn--pelletimk-x9aa.ee\/wp-content\/uploads\/2022\/12\/pelletid.png 503w, https:\/\/xn--pelletimk-x9aa.ee\/wp-content\/uploads\/2022\/12\/pelletid-300x243.png 300w\" sizes=\"(max-width: 503px) 100vw, 503px\" \/>\t\t\t\t\t\t\t\t\t\t\t\t\t\t\t<\/div>\n\t\t\t\t<\/div>\n\t\t\t\t<div class=\"elementor-element elementor-element-15cecb6 elementor-align-center elementor-widget elementor-widget-button\" data-id=\"15cecb6\" data-element_type=\"widget\" data-e-type=\"widget\" data-widget_type=\"button.default\">\n\t\t\t\t<div class=\"elementor-widget-container\">\n\t\t\t\t\t\t\t\t\t<div class=\"elementor-button-wrapper\">\n\t\t\t\t\t<a class=\"elementor-button elementor-button-link elementor-size-sm\" href=\"https:\/\/puu24.ee\/pelletid\" target=\"_blank\" rel=\"noopener\">\n\t\t\t\t\t\t<span class=\"elementor-button-content-wrapper\">\n\t\t\t\t\t\t\t\t\t<span class=\"elementor-button-text\">Pelletid<\/span>\n\t\t\t\t\t<\/span>\n\t\t\t\t\t<\/a>\n\t\t\t\t<\/div>\n\t\t\t\t\t\t\t\t<\/div>\n\t\t\t\t<\/div>\n\t\t\t\t\t<\/div>\n\t\t<\/div>\n\t\t\t\t\t<\/div>\n\t\t<\/section>\n\t\t\t\t\t<\/div>\n\t\t<\/div>\n\t\t\t\t\t<\/div>\n\t\t<\/section>\n\t\t\t\t<section class=\"elementor-section elementor-top-section elementor-element elementor-element-1763348 elementor-section-boxed elementor-section-height-default elementor-section-height-default\" data-id=\"1763348\" data-element_type=\"section\" data-e-type=\"section\">\n\t\t\t\t\t\t<div class=\"elementor-container elementor-column-gap-default\">\n\t\t\t\t\t<div class=\"elementor-column elementor-col-100 elementor-top-column elementor-element elementor-element-9e7e47a\" data-id=\"9e7e47a\" data-element_type=\"column\" data-e-type=\"column\">\n\t\t\t<div class=\"elementor-widget-wrap elementor-element-populated\">\n\t\t\t\t\t\t<div class=\"elementor-element elementor-element-4313966 elementor-widget elementor-widget-spacer\" data-id=\"4313966\" data-element_type=\"widget\" data-e-type=\"widget\" data-widget_type=\"spacer.default\">\n\t\t\t\t<div class=\"elementor-widget-container\">\n\t\t\t\t\t\t\t<div class=\"elementor-spacer\">\n\t\t\t<div class=\"elementor-spacer-inner\"><\/div>\n\t\t<\/div>\n\t\t\t\t\t\t<\/div>\n\t\t\t\t<\/div>\n\t\t\t\t\t<\/div>\n\t\t<\/div>\n\t\t\t\t\t<\/div>\n\t\t<\/section>\n\t\t\t\t<\/div>\n\t\t","protected":false},"excerpt":{"rendered":"<p>K\u00fcttev\u00e4\u00e4rtused K\u00fcttev\u00e4\u00e4rtused on erinevatel puuliikidel ning k\u00fctmiseks sobivatel biok\u00fctustel (pelletid, turbabrikett, puitbrikett, k\u00fcttepuud) erinevad, nendest t\u00e4htsaimad toome ka v\u00e4lja.&nbsp; Kindlasti peaksite esimese asjana, ennem k\u00fcttematerjali valimist otsustama, milline neist sobib teie k\u00fcttekoldele ning soojusvajadusele k\u00f5ige paremini. Samuti v\u00f5iksite v\u00f5tta arvesse, kuidas k\u00fcttematerjali k\u00f5ige sobivamalt ladustada ning muid kaasnevaid faktoreid.&nbsp; Puitbriketi k\u00fcttev\u00e4\u00e4rtus Puitbriketi k\u00fcttev\u00e4\u00e4rtus on 18-20 [&hellip;]<\/p>\n","protected":false},"author":1,"featured_media":0,"parent":0,"menu_order":0,"comment_status":"closed","ping_status":"closed","template":"","meta":{"site-sidebar-layout":"no-sidebar","site-content-layout":"page-builder","ast-site-content-layout":"default","site-content-style":"default","site-sidebar-style":"default","ast-global-header-display":"","ast-banner-title-visibility":"","ast-main-header-display":"","ast-hfb-above-header-display":"","ast-hfb-below-header-display":"","ast-hfb-mobile-header-display":"","site-post-title":"disabled","ast-breadcrumbs-content":"","ast-featured-img":"disabled","footer-sml-layout":"","ast-disable-related-posts":"","theme-transparent-header-meta":"","adv-header-id-meta":"","stick-header-meta":"","header-above-stick-meta":"","header-main-stick-meta":"","header-below-stick-meta":"","astra-migrate-meta-layouts":"default","ast-page-background-enabled":"default","ast-page-background-meta":{"desktop":{"background-color":"var(--ast-global-color-4)","background-image":"","background-repeat":"repeat","background-position":"center center","background-size":"auto","background-attachment":"scroll","background-type":"","background-media":"","overlay-type":"","overlay-color":"","overlay-opacity":"","overlay-gradient":""},"tablet":{"background-color":"","background-image":"","background-repeat":"repeat","background-position":"center center","background-size":"auto","background-attachment":"scroll","background-type":"","background-media":"","overlay-type":"","overlay-color":"","overlay-opacity":"","overlay-gradient":""},"mobile":{"background-color":"","background-image":"","background-repeat":"repeat","background-position":"center center","background-size":"auto","background-attachment":"scroll","background-type":"","background-media":"","overlay-type":"","overlay-color":"","overlay-opacity":"","overlay-gradient":""}},"ast-content-background-meta":{"desktop":{"background-color":"var(--ast-global-color-5)","background-image":"","background-repeat":"repeat","background-position":"center center","background-size":"auto","background-attachment":"scroll","background-type":"","background-media":"","overlay-type":"","overlay-color":"","overlay-opacity":"","overlay-gradient":""},"tablet":{"background-color":"var(--ast-global-color-5)","background-image":"","background-repeat":"repeat","background-position":"center center","background-size":"auto","background-attachment":"scroll","background-type":"","background-media":"","overlay-type":"","overlay-color":"","overlay-opacity":"","overlay-gradient":""},"mobile":{"background-color":"var(--ast-global-color-5)","background-image":"","background-repeat":"repeat","background-position":"center center","background-size":"auto","background-attachment":"scroll","background-type":"","background-media":"","overlay-type":"","overlay-color":"","overlay-opacity":"","overlay-gradient":""}},"footnotes":""},"class_list":["post-579","page","type-page","status-publish","hentry"],"_links":{"self":[{"href":"https:\/\/xn--pelletimk-x9aa.ee\/index.php?rest_route=\/wp\/v2\/pages\/579","targetHints":{"allow":["GET"]}}],"collection":[{"href":"https:\/\/xn--pelletimk-x9aa.ee\/index.php?rest_route=\/wp\/v2\/pages"}],"about":[{"href":"https:\/\/xn--pelletimk-x9aa.ee\/index.php?rest_route=\/wp\/v2\/types\/page"}],"author":[{"embeddable":true,"href":"https:\/\/xn--pelletimk-x9aa.ee\/index.php?rest_route=\/wp\/v2\/users\/1"}],"replies":[{"embeddable":true,"href":"https:\/\/xn--pelletimk-x9aa.ee\/index.php?rest_route=%2Fwp%2Fv2%2Fcomments&post=579"}],"version-history":[{"count":8,"href":"https:\/\/xn--pelletimk-x9aa.ee\/index.php?rest_route=\/wp\/v2\/pages\/579\/revisions"}],"predecessor-version":[{"id":601,"href":"https:\/\/xn--pelletimk-x9aa.ee\/index.php?rest_route=\/wp\/v2\/pages\/579\/revisions\/601"}],"wp:attachment":[{"href":"https:\/\/xn--pelletimk-x9aa.ee\/index.php?rest_route=%2Fwp%2Fv2%2Fmedia&parent=579"}],"curies":[{"name":"wp","href":"https:\/\/api.w.org\/{rel}","templated":true}]}}